{"id":207,"date":"2017-09-12T09:56:57","date_gmt":"2017-09-12T09:56:57","guid":{"rendered":"http:\/\/alice-cern.fei.tuke.sk\/?page_id=207"},"modified":"2025-11-11T08:51:12","modified_gmt":"2025-11-11T08:51:12","slug":"projekt-experiment-alice-na-lhc-v-cerne-studium-silno-interagujucej-hmoty-v-extremnych-podmienkach","status":"publish","type":"page","link":"https:\/\/alice-cern.fei.tuke.sk\/","title":{"rendered":"Projekt v\u00fdskumu a v\u00fdvoja ALICE CERN na TU v Ko\u0161iciach"},"content":{"rendered":"<div id=\"3f41457d\">Technick\u00e1 univerzita v Ko\u0161iciach bola ku d\u0148u 12. 10. 2012 prijat\u00e1 za asociovan\u00e9ho \u010dlena projektu <strong><a href=\"http:\/\/aliceinfo.cern.ch\/\">ALICE<\/a><\/strong>\u00a0v Eur\u00f3pskom centre pre jadrov\u00fd v\u00fdskum (<strong><a href=\"http:\/\/home.web.cern.ch\/\">CERN<\/a><\/strong>). Pri tejto pr\u00edle\u017eitosti bol v dvojt\u00fd\u017edenn\u00edku\u00a0<strong><a href=\"http:\/\/alicematters.web.cern.ch\/?q=TUKE_associate\">ALICE MATTERS<\/a><\/strong>, vyd\u00e1vanom v r\u00e1mci projektu ALICE, zverejnen\u00fd \u010dl\u00e1nok o na\u0161ej univerzite. Na \u00faloh\u00e1ch spojen\u00fdch s projektom sa podie\u013eaj\u00fa \u010dlenovia\u00a0<strong><a href=\"http:\/\/kyb.fei.tuke.sk\/laboratoria\/\">Centra modern\u00fdch met\u00f3d riadenie a priemyselnej informatiky<\/a><\/strong>\u00a0z CAK na KKUI FEI TU, ktor\u00ed za\u010dali pracova\u0165 na moderniz\u00e1cii syst\u00e9mu DCS (Detector Control System) v CERN-e s d\u00f4razom na optimaliz\u00e1ciu procesu v\u00fdmeny d\u00e1t medzi online a offline datab\u00e1zou (<a href=\"http:\/\/www.chep2013.org\/\" target=\"_blank\" rel=\"noopener noreferrer\">CHEP 2013<\/a>).<\/div>\n<p><strong>Upgrade of the ALICE Inner Tracking System<br \/>\n<\/strong>\u010clenovia skupiny <a href=\"http:\/\/kyb.fei.tuke.sk\" target=\"_blank\" rel=\"noopener noreferrer\">CMMRaPI<\/a> na KKUI FEI TU v Ko\u0161icach s\u00fa zapojen\u00ed do rie\u0161enia v\u00fdskumnej \u00falohy Upgrade of the Alice Inner Tracking System, zameranej na v\u00fdvoj Pixelov\u00e9ho detektora s po\u017eiadavkou na registr\u00e1ciu a identifik\u00e1ciu \u010dast\u00edc vznikaj\u00facich v zr\u00e1\u017ekach Pb-Pb pri energii 14 TeV na n-n p\u00e1r, ke\u010f v koncovom stave m\u00f4\u017ee by\u0165 tis\u00edce nabit\u00fdch \u010dast\u00edc. Rie\u0161enie uvedenej \u00falohy je s\u00fa\u010das\u0165ou medzivl\u00e1dnej dohody \u201dMemorandum of Understanding for Collaboration in the Construction of the ALICE Detector Upgrade of the ALICE Inner Tracking System\u201c, podp\u00edsanej z\u00e1stupcami CERN-u a ministrami \u0161kolstva a vedy kraj\u00edn spolupracuj\u00facich na tejto \u00falohe.<\/p>\n<p>Medzin\u00e1rodne pl\u00e9num kolabor\u00e1cie <strong><a href=\"http:\/\/aliceinfo.cern.ch\/\">ALICE<\/a><\/strong> spolo\u010dnosti CERN v \u017deneve schv\u00e1lilo 13.3. 2015 prijatie Technickej univerzity v Ko\u0161iciach (ako jedinej Technickej univerzity na Slovensku) za plnohodnotn\u00e9ho \u010dlena uvedenej kolabor\u00e1cie.<\/p>\n<p align=\"justify\">Minister \u0161kolstva, vedy, v\u00fdskumu a \u0161portu SR podp\u00edsal 3.3.2016 Zmluvu o poskytnut\u00ed finan\u010dn\u00fdch prostriedkov na spolufinancovanie projektu v\u00fdskumu a v\u00fdvoja <strong>ALICE<\/strong> <strong>CERN<\/strong> na TU v Ko\u0161iciach na obdobie rokov 2016 a\u017e 2020.<br \/>\nGarantom spolupr\u00e1ce <strong>TUKE &#8211; CERN<\/strong> je doc. Ing. J\u00e1n Jadlovsk\u00fd, CSc. (Team Leader za TU, Ko\u0161ice).<\/p>\n<p align=\"justify\">N\u00e1zov medzin\u00e1rodn\u00e9ho projektu: <strong><a href=\"http:\/\/alice-cern.fei.tuke.sk\/index.php\/2017\/09\/12\/projekt-experiment-alice-na-lhc-v-cerne-studium-silno-interagujucej-hmoty-v-extremnych-podmienkach\/\" target=\"_blank\" rel=\"noopener noreferrer\">ALICE KE FEI TU &#8211; Experiment ALICE na LHC v CERN: \u0160t\u00fadium silno interaguj\u00facej hmoty v extr\u00e9mnych podmienkach<\/a>\u00a0(ALICE experiment at the CERN LHC: The study of strongly interacting matter under extreme conditions)<\/strong><\/p>\n<p align=\"justify\">Charakter projektu: <strong>Z\u00e1kladn\u00fd v\u00fdskum<\/strong><br \/>\nOdbor v\u00fdskumu a v\u00fdvoja: <strong>Jadrov\u00e1 a subjadrov\u00e1 fyzika<\/strong><br \/>\nOdvetvie pod\u013ea OKE\u010c: <strong>V\u00fdskum a experiment\u00e1lny v\u00fdvoj v oblasti pr\u00edrodn\u00fdch a technick\u00fdch vied<\/strong><\/p>\n<p align=\"justify\">Doba trvania projektu: <strong>1.1.2016 &#8211; 31.12.2020<\/strong><br \/>\nEviden\u010dn\u00e9 \u010d\u00edslo \/ \u010c\u00edslo grantu: <strong>0222\/2016<\/strong><br \/>\nProgram \/ Grantov\u00e1 sch\u00e9ma: <strong>CERN<\/strong><br \/>\nN\u00e1zov agent\u00fary: <strong>Ministerstvo \u0161kolstva, vedy, v\u00fdskumu a \u0161portu SR<\/strong><br \/>\nZodpovedn\u00fd re\u0161ite\u013e projektu: <a href=\"http:\/\/kyb.fei.tuke.sk\/laboratoria\/ludia\/jadlovsky.php\">doc. Ing. Jadlovsk\u00fd J\u00e1n, CSc.<\/a><br \/>\nAkronym projektu: <strong>ALICE KE FEI TU<\/strong><br \/>\nZmluva \u010d. <strong>0222\/2016<\/strong> o poskytnut\u00ed finan\u010dn\u00fdch prostriedkov na spolufinancovanie projektu v\u00fdskumu a v\u00fdvoja ALICE CERN:\u00a0<a href=\"https:\/\/www.crz.gov.sk\/index.php?ID=2364916&amp;l=sk\">https:\/\/www.crz.gov.sk\/index.php?ID=2364916&amp;l=sk<\/a><\/p>\n<p>V\u00fdskum projektu je zameran\u00fd na tri oblasti a to:<\/p>\n<ul>\n<li>riadenie pixelov\u00e9ho detektora<\/li>\n<li>v\u00fdvoj Hybridn\u00e9ho integrovan\u00e9ho obvodu HIC (Hybrid Integrated Circuit) ur\u010den\u00e9ho pre zber a spracovanie sign\u00e1lov z ALICE detektorov<\/li>\n<li>v\u00fdvoj programov\u00fdch modulov pre riadiacu komunika\u010dn\u00fa infra\u0161trukt\u00faru DCS<\/li>\n<\/ul>\n<p>V\u00fdsledky dosiahnut\u00e9 pri rie\u0161en\u00ed projektu boli prezentovan\u00e9 vo <a href=\"http:\/\/alice-cern.fei.tuke.sk\/index.php\/publikacie\/#cmmrapi\">Vedeck\u00fdch pr\u00e1cach v zahrani\u010dn\u00fdch karentovan\u00fdch \u010dasopisoch<\/a> a <a href=\"http:\/\/alice-cern.fei.tuke.sk\/index.php\/publikacie\/#collaboration\">konferenci\u00e1ch<\/a>.<\/p>\n<hr \/>\n<p align=\"justify\">Minister \u0161kolstva, vedy, v\u00fdskumu a \u0161portu SR podp\u00edsal 10.3.2021 Zmluvu o poskytnut\u00ed finan\u010dn\u00fdch prostriedkov na spolufinancovanie projektu v\u00fdskumu a v\u00fdvoja <strong>ALICE<\/strong> <strong>CERN<\/strong> na TU v Ko\u0161iciach na rok 2021.<br \/>\nGarantom spolupr\u00e1ce <strong>TUKE &#8211; CERN<\/strong> je doc. Ing. J\u00e1n Jadlovsk\u00fd, CSc. (Team Leader za TU, Ko\u0161ice).<\/p>\n<p align=\"justify\">N\u00e1zov medzin\u00e1rodn\u00e9ho projektu: <strong><a href=\"http:\/\/alice-cern.fei.tuke.sk\/index.php\/2022\/11\/10\/projekt-experiment-alice-na-lhc-v-cerne-studium-silno-interagujucej-hmoty-v-extremnych-podmienkach-2021\/\" target=\"_blank\" rel=\"noopener noreferrer\">ALICE KE FEI TU &#8211; Experiment ALICE na LHC v CERN: \u0160t\u00fadium silno interaguj\u00facej hmoty v extr\u00e9mnych podmienkach<\/a>\u00a0(ALICE experiment at the CERN LHC: The study of strongly interacting matter under extreme conditions)<\/strong><\/p>\n<p align=\"justify\">Charakter projektu: <strong>Z\u00e1kladn\u00fd v\u00fdskum<\/strong><br \/>\nOdbor v\u00fdskumu a v\u00fdvoja: <strong>Jadrov\u00e1 a subjadrov\u00e1 fyzika<\/strong><br \/>\nOdvetvie pod\u013ea OKE\u010c: <strong>V\u00fdskum a experiment\u00e1lny v\u00fdvoj v oblasti pr\u00edrodn\u00fdch a technick\u00fdch vied<\/strong><\/p>\n<p align=\"justify\">Doba trvania projektu: <strong>1.1.2021 &#8211; 31.12.2021<\/strong><br \/>\nEviden\u010dn\u00e9 \u010d\u00edslo \/ \u010c\u00edslo grantu: <strong>0195\/2021<\/strong><br \/>\nProgram \/ Grantov\u00e1 sch\u00e9ma: <strong>CERN<\/strong><br \/>\nN\u00e1zov agent\u00fary: <strong>Ministerstvo \u0161kolstva, vedy, v\u00fdskumu a \u0161portu SR<\/strong><br \/>\nZodpovedn\u00fd re\u0161ite\u013e projektu: <a href=\"http:\/\/kyb.fei.tuke.sk\/laboratoria\/ludia\/jadlovsky.php\">doc. Ing. Jadlovsk\u00fd J\u00e1n, CSc.<\/a><br \/>\nAkronym projektu: <strong>ALICE KE FEI TU<\/strong><br \/>\nZmluva \u010d. <strong>0195\/2021<\/strong> o poskytnut\u00ed finan\u010dn\u00fdch prostriedkov na spolufinancovanie projektu v\u00fdskumu a v\u00fdvoja ALICE CERN: <a href=\"https:\/\/www.crz.gov.sk\/zmluva\/5623216\/\">https:\/\/www.crz.gov.sk\/zmluva\/5623216\/<\/a><\/p>\n<p>V\u00fdsledky dosiahnut\u00e9 pri rie\u0161en\u00ed projektu boli prezentovan\u00e9 vo <a href=\"http:\/\/alice-cern.fei.tuke.sk\/index.php\/publikacie\/#cmmrapi\">Vedeck\u00fdch pr\u00e1cach v zahrani\u010dn\u00fdch karentovan\u00fdch \u010dasopisoch<\/a> a <a href=\"http:\/\/alice-cern.fei.tuke.sk\/index.php\/publikacie\/#collaboration\">konferenci\u00e1ch<\/a>.<\/p>\n<hr \/>\n<p align=\"justify\">Minister \u0161kolstva, vedy, v\u00fdskumu a \u0161portu SR podp\u00edsal 29.6.2022 Zmluvu o poskytnut\u00ed finan\u010dn\u00fdch prostriedkov na spolufinancovanie projektu v\u00fdskumu a v\u00fdvoja <strong>ALICE<\/strong> <strong>CERN<\/strong> na TU v Ko\u0161iciach na obdobie rokov 2022 a\u017e 2026.<br \/>\nGarantom spolupr\u00e1ce <strong>TUKE &#8211; CERN<\/strong> je doc. Ing. Anna Jadlovsk\u00e1, PhD. (Team Leader za TU, Ko\u0161ice), doc. Ing. J\u00e1n Jadlovsk\u00fd, CSc. (Team Leader za TU, Ko\u0161ice do 1.7.2025).<\/p>\n<p align=\"justify\">N\u00e1zov medzin\u00e1rodn\u00e9ho projektu: <strong><a href=\"http:\/\/alice-cern.fei.tuke.sk\/index.php\/2022\/11\/10\/projekt-experiment-alice-na-lhc-v-cerne-studium-silno-interagujucej-hmoty-v-extremnych-podmienkach-2022-26\/\" target=\"_blank\" rel=\"noopener noreferrer\">ALICE TUKE &#8211; Experiment ALICE na LHC v CERN: \u0160t\u00fadium silno interaguj\u00facej hmoty v extr\u00e9mnych podmienkach<\/a>\u00a0(ALICE experiment at the CERN LHC: The study of strongly interacting matter under extreme conditions)<\/strong><\/p>\n<p align=\"justify\">Charakter projektu: <strong>Z\u00e1kladn\u00fd v\u00fdskum<\/strong><br \/>\nOdbor v\u00fdskumu a v\u00fdvoja: <strong>Jadrov\u00e1 a subjadrov\u00e1 fyzika<\/strong><br \/>\nOdvetvie pod\u013ea OKE\u010c: <strong>V\u00fdskum a experiment\u00e1lny v\u00fdvoj v oblasti pr\u00edrodn\u00fdch a technick\u00fdch vied<\/strong><\/p>\n<p align=\"justify\">Doba trvania projektu: <strong>1.1.2022 &#8211; 31.12.2026<\/strong><br \/>\nEviden\u010dn\u00e9 \u010d\u00edslo \/ \u010c\u00edslo grantu: <strong>0410\/2022<\/strong><br \/>\nProgram \/ Grantov\u00e1 sch\u00e9ma: <strong>CERN<\/strong><br \/>\nN\u00e1zov agent\u00fary: <strong>Ministerstvo \u0161kolstva, vedy, v\u00fdskumu a \u0161portu SR<\/strong><br \/>\nZodpovedn\u00fd re\u0161ite\u013e projektu: <a href=\"http:\/\/kyb.fei.tuke.sk\/laboratoria\/ludia\/jadlovska.php\">doc. Ing. Anna Jadlovsk\u00e1, PhD.<\/a> (od 1.1.2025),<br \/>\n<a href=\"http:\/\/kyb.fei.tuke.sk\/laboratoria\/ludia\/jadlovsky.php\">doc. Ing. Jadlovsk\u00fd J\u00e1n, CSc.<\/a> (do 31.12.2024)<br \/>\nAkronym projektu: <strong>ALICE TUKE<\/strong><br \/>\nZmluva \u010d. <strong>0410\/2022<\/strong> o poskytnut\u00ed finan\u010dn\u00fdch prostriedkov na spolufinancovanie projektu v\u00fdskumu a v\u00fdvoja ALICE CERN: <a href=\"https:\/\/www.crz.gov.sk\/zmluva\/6649902\/\">https:\/\/www.crz.gov.sk\/zmluva\/6649902\/<\/a><\/p>\n<p>V\u00fdsledky dosiahnut\u00e9 pri rie\u0161en\u00ed projektu boli prezentovan\u00e9 vo <a href=\"http:\/\/alice-cern.fei.tuke.sk\/index.php\/publikacie\/#cmmrapi\">Vedeck\u00fdch pr\u00e1cach v zahrani\u010dn\u00fdch karentovan\u00fdch \u010dasopisoch<\/a> a <a href=\"http:\/\/alice-cern.fei.tuke.sk\/index.php\/publikacie\/#collaboration\">konferenci\u00e1ch<\/a>.<\/p>\n<hr \/>\n<p align=\"justify\">Ocenenie pre <a href=\"https:\/\/alice-cern.fei.tuke.sk\/index.php\/2024\/06\/02\/vedecky-tim-technickej-univerzity-v-kosiciach-participacia-tuke-na-experimente-alice-v-europskej-organizacii-pre-jadrovy-vyskum-cern\/\">Vedeck\u00fd t\u00edm Technickej univerzity v Ko\u0161iciach \u2013 particip\u00e1cia TUKE na experimente ALICE v Eur\u00f3pskej organiz\u00e1cii pre jadrov\u00fd v\u00fdskum (CERN)<\/a><\/p>\n","protected":false},"excerpt":{"rendered":"<p>Technick\u00e1 univerzita v Ko\u0161iciach bola ku d\u0148u 12. 10. 2012 prijat\u00e1 za asociovan\u00e9ho \u010dlena projektu ALICE\u00a0v Eur\u00f3pskom centre pre jadrov\u00fd v\u00fdskum (CERN). Pri tejto pr\u00edle\u017eitosti bol v dvojt\u00fd\u017edenn\u00edku\u00a0ALICE MATTERS, vyd\u00e1vanom v r\u00e1mci projektu ALICE, zverejnen\u00fd \u010dl\u00e1nok o na\u0161ej univerzite. Na \u00faloh\u00e1ch spojen\u00fdch s projektom sa podie\u013eaj\u00fa \u010dlenovia\u00a0Centra modern\u00fdch met\u00f3d riadenie a priemyselnej informatiky\u00a0z CAK na [&hellip;]<\/p>\n","protected":false},"author":8,"featured_media":0,"parent":0,"menu_order":0,"comment_status":"closed","ping_status":"closed","template":"page-templates\/front-page.php","meta":{"footnotes":""},"_links":{"self":[{"href":"https:\/\/alice-cern.fei.tuke.sk\/index.php\/wp-json\/wp\/v2\/pages\/207"}],"collection":[{"href":"https:\/\/alice-cern.fei.tuke.sk\/index.php\/wp-json\/wp\/v2\/pages"}],"about":[{"href":"https:\/\/alice-cern.fei.tuke.sk\/index.php\/wp-json\/wp\/v2\/types\/page"}],"author":[{"embeddable":true,"href":"https:\/\/alice-cern.fei.tuke.sk\/index.php\/wp-json\/wp\/v2\/users\/8"}],"replies":[{"embeddable":true,"href":"https:\/\/alice-cern.fei.tuke.sk\/index.php\/wp-json\/wp\/v2\/comments?post=207"}],"version-history":[{"count":43,"href":"https:\/\/alice-cern.fei.tuke.sk\/index.php\/wp-json\/wp\/v2\/pages\/207\/revisions"}],"predecessor-version":[{"id":1003,"href":"https:\/\/alice-cern.fei.tuke.sk\/index.php\/wp-json\/wp\/v2\/pages\/207\/revisions\/1003"}],"wp:attachment":[{"href":"https:\/\/alice-cern.fei.tuke.sk\/index.php\/wp-json\/wp\/v2\/media?parent=207"}],"curies":[{"name":"wp","href":"https:\/\/api.w.org\/{rel}","templated":true}]}}