{"id":333,"date":"2017-10-18T11:53:37","date_gmt":"2017-10-18T11:53:37","guid":{"rendered":"http:\/\/alice-cern.fei.tuke.sk\/?page_id=333"},"modified":"2025-09-02T06:43:22","modified_gmt":"2025-09-02T06:43:22","slug":"kontakt","status":"publish","type":"page","link":"https:\/\/alice-cern.fei.tuke.sk\/index.php\/kontakt\/","title":{"rendered":"Kontakt"},"content":{"rendered":"<div id=\"3f41457d\"><a href=\"http:\/\/kyb.fei.tuke.sk\/laboratoria\/ludia\/jadlovska.php\" target=\"_blank\" rel=\"noopener noreferrer\">doc. Ing. Anna Jadlovsk\u00e1, PhD.<\/a>\u00a0(Team Leader za TU Ko\u0161ice<strong>\u00a0<\/strong> v r\u00e1mci spolupr\u00e1ce na projekte v\u00fdskumu a v\u00fdvoja <b> <\/b><strong><a href=\"http:\/\/alice-cern.fei.tuke.sk\/index.php\/2022\/11\/10\/projekt-experiment-alice-na-lhc-v-cerne-studium-silno-interagujucej-hmoty-v-extremnych-podmienkach-2022-26\/\" target=\"_blank\" rel=\"noopener\" data-saferedirecturl=\"https:\/\/www.google.com\/url?q=http:\/\/alice-cern.fei.tuke.sk\/index.php\/2022\/11\/10\/projekt-experiment-alice-na-lhc-v-cerne-studium-silno-interagujucej-hmoty-v-extremnych-podmienkach-2022-26\/&amp;source=gmail&amp;ust=1756881385512000&amp;usg=AOvVaw06E07zfoJJALThWO6PnkH0\">ALICE TUKE \u2013 Experiment ALICE na LHC v CERNe<\/a><\/strong>)<\/div>\n<p>e-mail: anna.jadlovska@tuke.sk<\/p>\n<p><a href=\"http:\/\/kyb.fei.tuke.sk\/laboratoria\/ludia\/jadlovsk2.php\" target=\"_blank\" rel=\"noopener noreferrer\">Ing. Sl\u00e1vka Jadlovsk\u00e1, PhD.<\/a> (Deputy Team Leader za TU Ko\u0161ice v r\u00e1mci spolupr\u00e1ce na\u00a0projekte v\u00fdskumu a\u00a0v\u00fdvoja<b> <\/b><strong><a href=\"http:\/\/alice-cern.fei.tuke.sk\/index.php\/2022\/11\/10\/projekt-experiment-alice-na-lhc-v-cerne-studium-silno-interagujucej-hmoty-v-extremnych-podmienkach-2022-26\/\" target=\"_blank\" rel=\"noopener\" data-saferedirecturl=\"https:\/\/www.google.com\/url?q=http:\/\/alice-cern.fei.tuke.sk\/index.php\/2022\/11\/10\/projekt-experiment-alice-na-lhc-v-cerne-studium-silno-interagujucej-hmoty-v-extremnych-podmienkach-2022-26\/&amp;source=gmail&amp;ust=1756881385512000&amp;usg=AOvVaw06E07zfoJJALThWO6PnkH0\">ALICE TUKE \u2013 Experiment ALICE na LHC v CERNe<\/a><\/strong>)<br \/>\ne-mail: slavka.jadlovska@tuke.sk<\/p>\n<p><strong><a href=\"https:\/\/kyb.fei.tuke.sk\/laboratoria\/\">Centrum modern\u00fdch met\u00f3d riadenia a priemyselnej informatiky<\/a>, TU Ko\u0161ice<\/strong><\/p>\n","protected":false},"excerpt":{"rendered":"<p>doc. Ing. Anna Jadlovsk\u00e1, PhD.\u00a0(Team Leader za TU Ko\u0161ice\u00a0 v r\u00e1mci spolupr\u00e1ce na projekte v\u00fdskumu a v\u00fdvoja ALICE TUKE \u2013 Experiment ALICE na LHC v CERNe) e-mail: anna.jadlovska@tuke.sk Ing. Sl\u00e1vka Jadlovsk\u00e1, PhD. (Deputy Team Leader za TU Ko\u0161ice v r\u00e1mci spolupr\u00e1ce na\u00a0projekte v\u00fdskumu a\u00a0v\u00fdvoja ALICE TUKE \u2013 Experiment ALICE na LHC v CERNe) e-mail: slavka.jadlovska@tuke.sk [&hellip;]<\/p>\n","protected":false},"author":3,"featured_media":0,"parent":0,"menu_order":0,"comment_status":"closed","ping_status":"closed","template":"","meta":{"footnotes":""},"_links":{"self":[{"href":"https:\/\/alice-cern.fei.tuke.sk\/index.php\/wp-json\/wp\/v2\/pages\/333"}],"collection":[{"href":"https:\/\/alice-cern.fei.tuke.sk\/index.php\/wp-json\/wp\/v2\/pages"}],"about":[{"href":"https:\/\/alice-cern.fei.tuke.sk\/index.php\/wp-json\/wp\/v2\/types\/page"}],"author":[{"embeddable":true,"href":"https:\/\/alice-cern.fei.tuke.sk\/index.php\/wp-json\/wp\/v2\/users\/3"}],"replies":[{"embeddable":true,"href":"https:\/\/alice-cern.fei.tuke.sk\/index.php\/wp-json\/wp\/v2\/comments?post=333"}],"version-history":[{"count":13,"href":"https:\/\/alice-cern.fei.tuke.sk\/index.php\/wp-json\/wp\/v2\/pages\/333\/revisions"}],"predecessor-version":[{"id":999,"href":"https:\/\/alice-cern.fei.tuke.sk\/index.php\/wp-json\/wp\/v2\/pages\/333\/revisions\/999"}],"wp:attachment":[{"href":"https:\/\/alice-cern.fei.tuke.sk\/index.php\/wp-json\/wp\/v2\/media?parent=333"}],"curies":[{"name":"wp","href":"https:\/\/api.w.org\/{rel}","templated":true}]}}